{"id":9,"date":"2025-06-16T07:52:51","date_gmt":"2025-06-16T07:52:51","guid":{"rendered":"https:\/\/lavadorataller.com\/?page_id=9"},"modified":"2025-08-27T11:57:05","modified_gmt":"2025-08-27T11:57:05","slug":"lavadora-de-taller","status":"publish","type":"page","link":"https:\/\/lavadorataller.com\/","title":{"rendered":"Home"},"content":{"rendered":"\n\n\n\n\n\n","protected":false},"excerpt":{"rendered":"","protected":false},"author":1,"featured_media":0,"parent":0,"menu_order":0,"comment_status":"closed","ping_status":"closed","template":"","meta":{"saved_in_kubio":true,"footnotes":""},"class_list":["post-9","page","type-page","status-publish","hentry"],"kubio_ai_page_context":{"short_desc":"","purpose":"general"},"yoast_head":"<!-- This site is optimized with the Yoast SEO plugin v27.4 - https:\/\/yoast.com\/product\/yoast-seo-wordpress\/ -->\n<title>Home - lavadorataller.com<\/title>\n<meta name=\"description\" content=\"lavadora de taller para limpieza de piezas durante la reparaci\u00f3n y regeneraci\u00f3n de componentes, con m\u00e1xima eficacia y ahorro de tiempo\" \/>\n<meta name=\"robots\" content=\"index, follow, max-snippet:-1, max-image-preview:large, max-video-preview:-1\" \/>\n<link rel=\"canonical\" href=\"https:\/\/lavadorataller.com\/\" \/>\n<meta property=\"og:locale\" content=\"pl_PL\" \/>\n<meta property=\"og:type\" content=\"article\" \/>\n<meta property=\"og:title\" content=\"Home - lavadorataller.com\" \/>\n<meta property=\"og:description\" content=\"lavadora de taller para limpieza de piezas durante la reparaci\u00f3n y regeneraci\u00f3n de componentes, con m\u00e1xima eficacia y ahorro de tiempo\" \/>\n<meta property=\"og:url\" content=\"https:\/\/lavadorataller.com\/\" \/>\n<meta property=\"og:site_name\" content=\"lavadorataller.com\" \/>\n<meta property=\"article:modified_time\" content=\"2025-08-27T11:57:05+00:00\" \/>\n<meta name=\"twitter:card\" content=\"summary_large_image\" \/>\n<script type=\"application\/ld+json\" class=\"yoast-schema-graph\">{\"@context\":\"https:\\\/\\\/schema.org\",\"@graph\":[{\"@type\":\"WebPage\",\"@id\":\"https:\\\/\\\/lavadorataller.com\\\/\",\"url\":\"https:\\\/\\\/lavadorataller.com\\\/\",\"name\":\"Home - lavadorataller.com\",\"isPartOf\":{\"@id\":\"https:\\\/\\\/lavadorataller.com\\\/#website\"},\"datePublished\":\"2025-06-16T07:52:51+00:00\",\"dateModified\":\"2025-08-27T11:57:05+00:00\",\"description\":\"lavadora de taller para limpieza de piezas durante la reparaci\u00f3n y regeneraci\u00f3n de componentes, con m\u00e1xima eficacia y ahorro de tiempo\",\"breadcrumb\":{\"@id\":\"https:\\\/\\\/lavadorataller.com\\\/#breadcrumb\"},\"inLanguage\":\"pl-PL\",\"potentialAction\":[{\"@type\":\"ReadAction\",\"target\":[\"https:\\\/\\\/lavadorataller.com\\\/\"]}]},{\"@type\":\"BreadcrumbList\",\"@id\":\"https:\\\/\\\/lavadorataller.com\\\/#breadcrumb\",\"itemListElement\":[{\"@type\":\"ListItem\",\"position\":1,\"name\":\"Strona g\u0142\u00f3wna\",\"item\":\"https:\\\/\\\/lavadorataller.com\\\/\"},{\"@type\":\"ListItem\",\"position\":2,\"name\":\"Home\"}]},{\"@type\":\"WebSite\",\"@id\":\"https:\\\/\\\/lavadorataller.com\\\/#website\",\"url\":\"https:\\\/\\\/lavadorataller.com\\\/\",\"name\":\"lavadorataller.com\",\"description\":\"Lavadorataller\",\"potentialAction\":[{\"@type\":\"SearchAction\",\"target\":{\"@type\":\"EntryPoint\",\"urlTemplate\":\"https:\\\/\\\/lavadorataller.com\\\/?s={search_term_string}\"},\"query-input\":{\"@type\":\"PropertyValueSpecification\",\"valueRequired\":true,\"valueName\":\"search_term_string\"}}],\"inLanguage\":\"pl-PL\"}]}<\/script>\n<!-- \/ Yoast SEO plugin. -->","yoast_head_json":{"title":"Home - lavadorataller.com","description":"lavadora de taller para limpieza de piezas durante la reparaci\u00f3n y regeneraci\u00f3n de componentes, con m\u00e1xima eficacia y ahorro de tiempo","robots":{"index":"index","follow":"follow","max-snippet":"max-snippet:-1","max-image-preview":"max-image-preview:large","max-video-preview":"max-video-preview:-1"},"canonical":"https:\/\/lavadorataller.com\/","og_locale":"pl_PL","og_type":"article","og_title":"Home - lavadorataller.com","og_description":"lavadora de taller para limpieza de piezas durante la reparaci\u00f3n y regeneraci\u00f3n de componentes, con m\u00e1xima eficacia y ahorro de tiempo","og_url":"https:\/\/lavadorataller.com\/","og_site_name":"lavadorataller.com","article_modified_time":"2025-08-27T11:57:05+00:00","twitter_card":"summary_large_image","schema":{"@context":"https:\/\/schema.org","@graph":[{"@type":"WebPage","@id":"https:\/\/lavadorataller.com\/","url":"https:\/\/lavadorataller.com\/","name":"Home - lavadorataller.com","isPartOf":{"@id":"https:\/\/lavadorataller.com\/#website"},"datePublished":"2025-06-16T07:52:51+00:00","dateModified":"2025-08-27T11:57:05+00:00","description":"lavadora de taller para limpieza de piezas durante la reparaci\u00f3n y regeneraci\u00f3n de componentes, con m\u00e1xima eficacia y ahorro de tiempo","breadcrumb":{"@id":"https:\/\/lavadorataller.com\/#breadcrumb"},"inLanguage":"pl-PL","potentialAction":[{"@type":"ReadAction","target":["https:\/\/lavadorataller.com\/"]}]},{"@type":"BreadcrumbList","@id":"https:\/\/lavadorataller.com\/#breadcrumb","itemListElement":[{"@type":"ListItem","position":1,"name":"Strona g\u0142\u00f3wna","item":"https:\/\/lavadorataller.com\/"},{"@type":"ListItem","position":2,"name":"Home"}]},{"@type":"WebSite","@id":"https:\/\/lavadorataller.com\/#website","url":"https:\/\/lavadorataller.com\/","name":"lavadorataller.com","description":"Lavadorataller","potentialAction":[{"@type":"SearchAction","target":{"@type":"EntryPoint","urlTemplate":"https:\/\/lavadorataller.com\/?s={search_term_string}"},"query-input":{"@type":"PropertyValueSpecification","valueRequired":true,"valueName":"search_term_string"}}],"inLanguage":"pl-PL"}]}},"_links":{"self":[{"href":"https:\/\/lavadorataller.com\/index.php?rest_route=\/wp\/v2\/pages\/9","targetHints":{"allow":["GET"]}}],"collection":[{"href":"https:\/\/lavadorataller.com\/index.php?rest_route=\/wp\/v2\/pages"}],"about":[{"href":"https:\/\/lavadorataller.com\/index.php?rest_route=\/wp\/v2\/types\/page"}],"author":[{"embeddable":true,"href":"https:\/\/lavadorataller.com\/index.php?rest_route=\/wp\/v2\/users\/1"}],"replies":[{"embeddable":true,"href":"https:\/\/lavadorataller.com\/index.php?rest_route=%2Fwp%2Fv2%2Fcomments&post=9"}],"version-history":[{"count":30,"href":"https:\/\/lavadorataller.com\/index.php?rest_route=\/wp\/v2\/pages\/9\/revisions"}],"predecessor-version":[{"id":109,"href":"https:\/\/lavadorataller.com\/index.php?rest_route=\/wp\/v2\/pages\/9\/revisions\/109"}],"wp:attachment":[{"href":"https:\/\/lavadorataller.com\/index.php?rest_route=%2Fwp%2Fv2%2Fmedia&parent=9"}],"curies":[{"name":"wp","href":"https:\/\/api.w.org\/{rel}","templated":true}]}}